{"id":421,"date":"2021-06-03T15:26:20","date_gmt":"2021-06-03T14:26:20","guid":{"rendered":"http:\/\/nova.reivex.com\/?page_id=421"},"modified":"2021-06-03T15:30:54","modified_gmt":"2021-06-03T14:30:54","slug":"quienes-somos","status":"publish","type":"page","link":"https:\/\/reivex.com\/es\/quienes-somos\/","title":{"rendered":"Quienes somos"},"content":{"rendered":"\n<h2 class=\"wp-block-heading\">Empresa<\/h2>\n\n\n\n<p>Reivex est\u00e1 integrado por un equipo humano especializado en instalaciones industriales de sistemas de distribuci\u00f3n de fluidos y tuber\u00edas en general.<\/p>\n\n\n\n<p>Reivex es una empresa especializada en instalaci\u00f3n de tuber\u00edas de distribuci\u00f3n de fluidos, <strong>Asesoramiento, legalizaci\u00f3n, tr\u00e1mites e instalaci\u00f3n de Equipos de Aire Comprimido<\/strong> y Agua de Refrigeraci\u00f3n. Con m\u00e1s de 30 a\u00f1os de experiencia ofreciendo un servicio profesional y de calidad a nuestros clientes.<\/p>\n\n\n\n<p>Pensando en los resultados y trabajando bajo unos estrictos controles de seguimiento y calidad, con un presupuesto ajustado al proyecto y cumpliendo en las fechas de entrega.<\/p>\n\n\n\n<h2 class=\"wp-block-heading\">Valores<\/h2>\n\n\n\n<p>Seg\u00fan los valores que gu\u00edan nuestra empresa, estamos enfocados en dar un servicio de calidad para las empresas del sector industrial.<\/p>\n\n\n\n<p>Ofrecemos fiabilidad y eficiencia a nuestros clientes, con una filosof\u00eda de calidad. Esforz\u00e1ndonos cada d\u00eda para realizar un trabajo adaptado a las necesidades del consumidor, desde la honestidad y la innovaci\u00f3n.<\/p>\n\n\n\n<p>Estos son algunos de los valores que nos caracterizan:<\/p>\n\n\n\n<ul class=\"llista-bg wp-block-list\"><li>Humildad<\/li><li>Disciplina<\/li><li>Creatividad<\/li><li>Integridad<\/li><li>Inconformismo<\/li><li>Seguridad y salud<\/li><li>Trabajo en equipo<\/li><li>Pasi\u00f3n<\/li><\/ul>\n\n\n\n<h2 class=\"wp-block-heading\">Certificaciones<\/h2>\n\n\n\n<ul class=\"llista-bg wp-block-list\"><li>Empresa instaladora de equipos a presi\u00f3n 2 (EIP 2)<\/li><li>RASIC (Registro de Agentes de la Seguridad Industrial de Catalu\u00f1a)<\/li><li>Empresa inscrita en el REA<\/li><li>Asociados al gremio de instaladores<\/li><li>Calificaci\u00f3n homologada de soldadores<\/li><li>Curso de fontaner\u00eda y electricidad<\/li><\/ul>\n\n\n\n<h2 class=\"wp-block-heading\">Prevenci\u00f3n de riesgos<\/h2>\n\n\n\n<ul class=\"llista-bg wp-block-list\"><li>Curso prevenci\u00f3n de riesgos laborales (Recurso Preventivo 60h)<\/li><li>Curso Seguridad y prevenci\u00f3n en los trabajos en altura<\/li><li>Carnet de Plataformas elevadoras m\u00f3viles de personas (PEMP)<\/li><li>Carnet de conductor de carretillas elevadoras<\/li><li>Carnet de operador de puente gr\u00faa<\/li><\/ul>\n","protected":false},"excerpt":{"rendered":"<p>Empresa Reivex est\u00e1 integrado por un equipo humano especializado en instalaciones industriales de sistemas de distribuci\u00f3n de fluidos y tuber\u00edas en general. Reivex es una empresa especializada en instalaci\u00f3n de tuber\u00edas de distribuci\u00f3n de fluidos, Asesoramiento, legalizaci\u00f3n, tr\u00e1mites e instalaci\u00f3n de Equipos de Aire Comprimido y Agua de Refrigeraci\u00f3n. Con m\u00e1s de 30 a\u00f1os de &#8230; <a title=\"Quienes somos\" class=\"read-more\" href=\"https:\/\/reivex.com\/es\/quienes-somos\/\" aria-label=\"Leer m\u00e1s sobre Quienes somos\">Leer m\u00e1s<\/a><\/p>\n","protected":false},"author":1,"featured_media":66,"parent":0,"menu_order":0,"comment_status":"closed","ping_status":"closed","template":"page-templates\/page-capcalera.php","meta":{"_acf_changed":false,"footnotes":""},"class_list":["post-421","page","type-page","status-publish","has-post-thumbnail"],"acf":[],"_links":{"self":[{"href":"https:\/\/reivex.com\/es\/wp-json\/wp\/v2\/pages\/421","targetHints":{"allow":["GET"]}}],"collection":[{"href":"https:\/\/reivex.com\/es\/wp-json\/wp\/v2\/pages"}],"about":[{"href":"https:\/\/reivex.com\/es\/wp-json\/wp\/v2\/types\/page"}],"author":[{"embeddable":true,"href":"https:\/\/reivex.com\/es\/wp-json\/wp\/v2\/users\/1"}],"replies":[{"embeddable":true,"href":"https:\/\/reivex.com\/es\/wp-json\/wp\/v2\/comments?post=421"}],"version-history":[{"count":3,"href":"https:\/\/reivex.com\/es\/wp-json\/wp\/v2\/pages\/421\/revisions"}],"predecessor-version":[{"id":426,"href":"https:\/\/reivex.com\/es\/wp-json\/wp\/v2\/pages\/421\/revisions\/426"}],"wp:featuredmedia":[{"embeddable":true,"href":"https:\/\/reivex.com\/es\/wp-json\/wp\/v2\/media\/66"}],"wp:attachment":[{"href":"https:\/\/reivex.com\/es\/wp-json\/wp\/v2\/media?parent=421"}],"curies":[{"name":"wp","href":"https:\/\/api.w.org\/{rel}","templated":true}]}}