{"id":431,"date":"2021-06-03T15:39:22","date_gmt":"2021-06-03T14:39:22","guid":{"rendered":"http:\/\/nova.reivex.com\/?page_id=431"},"modified":"2021-06-04T15:17:40","modified_gmt":"2021-06-04T14:17:40","slug":"asesoramiento-de-instalaciones-y-equipos-de-aire-comprimido","status":"publish","type":"page","link":"https:\/\/reivex.com\/es\/servicios\/asesoramiento-de-instalaciones-y-equipos-de-aire-comprimido\/","title":{"rendered":"Asesoramiento de Instalaciones y Equipos de Aire Comprimido"},"content":{"rendered":"\n<p>Reivex desarrolla proyectos de <strong> Instalaci\u00f3n de Aire Comprimido <\/strong> y adapta sus necesidades a t\u00e9cnicas que generen un resultado \u00f3ptimo.<\/p>\n\n\n\n<p>Desde Reivex se presta el <strong>Asesoramiento T\u00e9cnico<\/strong> necesario para la resoluci\u00f3n de problemas relacionados con los procesos productivos industriales, donde se necesita el uso de <strong><strong>Equipos de Aire Comprimido<\/strong><\/strong>. Reivex trabaja con primeras marcas del sector y une su experiencia a la calidad y conocimiento en unidades de mantenimiento, conducci\u00f3n de fluidos y cambios de secci\u00f3n, para ofrecer proyectos llave en mano para sus clientes.<\/p>\n","protected":false},"excerpt":{"rendered":"<p>Reivex desarrolla proyectos de Instalaci\u00f3n de Aire Comprimido y adapta sus necesidades a t\u00e9cnicas que generen un resultado \u00f3ptimo. Desde Reivex se presta el Asesoramiento T\u00e9cnico necesario para la resoluci\u00f3n de problemas relacionados con los procesos productivos industriales, donde se necesita el uso de Equipos de Aire Comprimido. Reivex trabaja con primeras marcas del sector &#8230; <a title=\"Asesoramiento de Instalaciones y Equipos de Aire Comprimido\" class=\"read-more\" href=\"https:\/\/reivex.com\/es\/servicios\/asesoramiento-de-instalaciones-y-equipos-de-aire-comprimido\/\" aria-label=\"Leer m\u00e1s sobre Asesoramiento de Instalaciones y Equipos de Aire Comprimido\">Leer m\u00e1s<\/a><\/p>\n","protected":false},"author":1,"featured_media":66,"parent":551,"menu_order":0,"comment_status":"closed","ping_status":"closed","template":"page-templates\/page-capcalera.php","meta":{"_acf_changed":false,"footnotes":""},"class_list":["post-431","page","type-page","status-publish","has-post-thumbnail"],"acf":[],"_links":{"self":[{"href":"https:\/\/reivex.com\/es\/wp-json\/wp\/v2\/pages\/431","targetHints":{"allow":["GET"]}}],"collection":[{"href":"https:\/\/reivex.com\/es\/wp-json\/wp\/v2\/pages"}],"about":[{"href":"https:\/\/reivex.com\/es\/wp-json\/wp\/v2\/types\/page"}],"author":[{"embeddable":true,"href":"https:\/\/reivex.com\/es\/wp-json\/wp\/v2\/users\/1"}],"replies":[{"embeddable":true,"href":"https:\/\/reivex.com\/es\/wp-json\/wp\/v2\/comments?post=431"}],"version-history":[{"count":5,"href":"https:\/\/reivex.com\/es\/wp-json\/wp\/v2\/pages\/431\/revisions"}],"predecessor-version":[{"id":516,"href":"https:\/\/reivex.com\/es\/wp-json\/wp\/v2\/pages\/431\/revisions\/516"}],"up":[{"embeddable":true,"href":"https:\/\/reivex.com\/es\/wp-json\/wp\/v2\/pages\/551"}],"wp:featuredmedia":[{"embeddable":true,"href":"https:\/\/reivex.com\/es\/wp-json\/wp\/v2\/media\/66"}],"wp:attachment":[{"href":"https:\/\/reivex.com\/es\/wp-json\/wp\/v2\/media?parent=431"}],"curies":[{"name":"wp","href":"https:\/\/api.w.org\/{rel}","templated":true}]}}