{"id":433,"date":"2021-06-03T15:41:15","date_gmt":"2021-06-03T14:41:15","guid":{"rendered":"http:\/\/nova.reivex.com\/?page_id=433"},"modified":"2021-06-03T15:41:16","modified_gmt":"2021-06-03T14:41:16","slug":"bancadas-de-equipos-transportables","status":"publish","type":"page","link":"https:\/\/reivex.com\/es\/servicios\/bancadas-de-equipos-transportables\/","title":{"rendered":"Bancadas de Equipos Transportables"},"content":{"rendered":"\n<p>Ofrecemos sistemas de bombeo con bombas centr\u00edfugas, con accesorios tanto m\u00f3viles como fijos. Ofrecemos sistemas en pl\u00e1stico para qu\u00edmicos corrosivos, en acero inoxidable para aguas industriales y versiones sanitarias para la industria alimentaria.<\/p>\n\n\n\n<p>En Reivex nos encargamos de hacer el premontaje de las <strong>bancadas de equipos transportables<\/strong> en el taller, para hacer posteriormente la entrega de las bancadas al cliente.<\/p>\n","protected":false},"excerpt":{"rendered":"<p>Ofrecemos sistemas de bombeo con bombas centr\u00edfugas, con accesorios tanto m\u00f3viles como fijos. Ofrecemos sistemas en pl\u00e1stico para qu\u00edmicos corrosivos, en acero inoxidable para aguas industriales y versiones sanitarias para la industria alimentaria. En Reivex nos encargamos de hacer el premontaje de las bancadas de equipos transportables en el taller, para hacer posteriormente la entrega &#8230; <a title=\"Bancadas de Equipos Transportables\" class=\"read-more\" href=\"https:\/\/reivex.com\/es\/servicios\/bancadas-de-equipos-transportables\/\" aria-label=\"Leer m\u00e1s sobre Bancadas de Equipos Transportables\">Leer m\u00e1s<\/a><\/p>\n","protected":false},"author":1,"featured_media":66,"parent":551,"menu_order":0,"comment_status":"closed","ping_status":"closed","template":"page-templates\/page-capcalera.php","meta":{"_acf_changed":false,"footnotes":""},"class_list":["post-433","page","type-page","status-publish","has-post-thumbnail"],"acf":[],"_links":{"self":[{"href":"https:\/\/reivex.com\/es\/wp-json\/wp\/v2\/pages\/433","targetHints":{"allow":["GET"]}}],"collection":[{"href":"https:\/\/reivex.com\/es\/wp-json\/wp\/v2\/pages"}],"about":[{"href":"https:\/\/reivex.com\/es\/wp-json\/wp\/v2\/types\/page"}],"author":[{"embeddable":true,"href":"https:\/\/reivex.com\/es\/wp-json\/wp\/v2\/users\/1"}],"replies":[{"embeddable":true,"href":"https:\/\/reivex.com\/es\/wp-json\/wp\/v2\/comments?post=433"}],"version-history":[{"count":1,"href":"https:\/\/reivex.com\/es\/wp-json\/wp\/v2\/pages\/433\/revisions"}],"predecessor-version":[{"id":434,"href":"https:\/\/reivex.com\/es\/wp-json\/wp\/v2\/pages\/433\/revisions\/434"}],"up":[{"embeddable":true,"href":"https:\/\/reivex.com\/es\/wp-json\/wp\/v2\/pages\/551"}],"wp:featuredmedia":[{"embeddable":true,"href":"https:\/\/reivex.com\/es\/wp-json\/wp\/v2\/media\/66"}],"wp:attachment":[{"href":"https:\/\/reivex.com\/es\/wp-json\/wp\/v2\/media?parent=433"}],"curies":[{"name":"wp","href":"https:\/\/api.w.org\/{rel}","templated":true}]}}