{"id":435,"date":"2021-06-03T15:43:22","date_gmt":"2021-06-03T14:43:22","guid":{"rendered":"http:\/\/nova.reivex.com\/?page_id=435"},"modified":"2021-06-03T15:43:22","modified_gmt":"2021-06-03T14:43:22","slug":"grupos-de-bombeo","status":"publish","type":"page","link":"https:\/\/reivex.com\/es\/servicios\/grupos-de-bombeo\/","title":{"rendered":"Grupos de Bombeo"},"content":{"rendered":"\n<p>Un equipo de bombeo consiste en una bomba y su accionador. En la sociedad actual hacemos un uso constante de los sistemas hidr\u00e1ulicos, y la gesti\u00f3n del agua conforma una parte esencial.<\/p>\n\n\n\n<p>Los <strong>Grupos de Bombeo<\/strong> de Reivex cubren las necesidades de control y gesti\u00f3n de l\u00edquidos. Disponen de una amplia gama de productos tales como boyas de nivel, sondas conductoras, interruptores magn\u00e9ticos y de nivel, rel\u00e9s de alternancia y equipos de control de bombas, reconocidos por su resistencia, fiabilidad y facilidad de uso, por el control de aplicaciones de agua.<\/p>\n","protected":false},"excerpt":{"rendered":"<p>Un equipo de bombeo consiste en una bomba y su accionador. En la sociedad actual hacemos un uso constante de los sistemas hidr\u00e1ulicos, y la gesti\u00f3n del agua conforma una parte esencial. Los Grupos de Bombeo de Reivex cubren las necesidades de control y gesti\u00f3n de l\u00edquidos. Disponen de una amplia gama de productos tales &#8230; <a title=\"Grupos de Bombeo\" class=\"read-more\" href=\"https:\/\/reivex.com\/es\/servicios\/grupos-de-bombeo\/\" aria-label=\"Leer m\u00e1s sobre Grupos de Bombeo\">Leer m\u00e1s<\/a><\/p>\n","protected":false},"author":1,"featured_media":66,"parent":551,"menu_order":0,"comment_status":"closed","ping_status":"closed","template":"page-templates\/page-capcalera.php","meta":{"_acf_changed":false,"footnotes":""},"class_list":["post-435","page","type-page","status-publish","has-post-thumbnail"],"acf":[],"_links":{"self":[{"href":"https:\/\/reivex.com\/es\/wp-json\/wp\/v2\/pages\/435","targetHints":{"allow":["GET"]}}],"collection":[{"href":"https:\/\/reivex.com\/es\/wp-json\/wp\/v2\/pages"}],"about":[{"href":"https:\/\/reivex.com\/es\/wp-json\/wp\/v2\/types\/page"}],"author":[{"embeddable":true,"href":"https:\/\/reivex.com\/es\/wp-json\/wp\/v2\/users\/1"}],"replies":[{"embeddable":true,"href":"https:\/\/reivex.com\/es\/wp-json\/wp\/v2\/comments?post=435"}],"version-history":[{"count":1,"href":"https:\/\/reivex.com\/es\/wp-json\/wp\/v2\/pages\/435\/revisions"}],"predecessor-version":[{"id":436,"href":"https:\/\/reivex.com\/es\/wp-json\/wp\/v2\/pages\/435\/revisions\/436"}],"up":[{"embeddable":true,"href":"https:\/\/reivex.com\/es\/wp-json\/wp\/v2\/pages\/551"}],"wp:featuredmedia":[{"embeddable":true,"href":"https:\/\/reivex.com\/es\/wp-json\/wp\/v2\/media\/66"}],"wp:attachment":[{"href":"https:\/\/reivex.com\/es\/wp-json\/wp\/v2\/media?parent=435"}],"curies":[{"name":"wp","href":"https:\/\/api.w.org\/{rel}","templated":true}]}}