{"id":447,"date":"2021-06-03T16:08:15","date_gmt":"2021-06-03T15:08:15","guid":{"rendered":"http:\/\/nova.reivex.com\/?page_id=447"},"modified":"2021-06-03T16:35:51","modified_gmt":"2021-06-03T15:35:51","slug":"instal%c2%b7lacions-electriques-complementaries","status":"publish","type":"page","link":"https:\/\/reivex.com\/es\/servicios\/instal%c2%b7lacions-electriques-complementaries\/","title":{"rendered":"Instalaciones El\u00e9ctricas Complementarias"},"content":{"rendered":"\n<p>En Reivex nos hacemos cargo del dise\u00f1o de armarios el\u00e9ctricos de protecci\u00f3n adecuados al Reglamento de Baja Tensi\u00f3n. Suministramos y conectamos los equipos de las instalaciones del cliente, sean compresores de aire, equipos de bombeo, se\u00f1ales de alarma o integrando sistemas de gesti\u00f3n.<\/p>\n\n\n\n<p>Somos expertos en hacer instalaciones el\u00e9ctricas complementarias. Instalando tambi\u00e9n los sistemas de refrigeraci\u00f3n o sistemas frigor\u00edficos, para disminuir la temperatura.<\/p>\n","protected":false},"excerpt":{"rendered":"<p>En Reivex nos hacemos cargo del dise\u00f1o de armarios el\u00e9ctricos de protecci\u00f3n adecuados al Reglamento de Baja Tensi\u00f3n. Suministramos y conectamos los equipos de las instalaciones del cliente, sean compresores de aire, equipos de bombeo, se\u00f1ales de alarma o integrando sistemas de gesti\u00f3n. Somos expertos en hacer instalaciones el\u00e9ctricas complementarias. Instalando tambi\u00e9n los sistemas de &#8230; <a title=\"Instalaciones El\u00e9ctricas Complementarias\" class=\"read-more\" href=\"https:\/\/reivex.com\/es\/servicios\/instal%c2%b7lacions-electriques-complementaries\/\" aria-label=\"Leer m\u00e1s sobre Instalaciones El\u00e9ctricas Complementarias\">Leer m\u00e1s<\/a><\/p>\n","protected":false},"author":1,"featured_media":66,"parent":551,"menu_order":0,"comment_status":"closed","ping_status":"closed","template":"page-templates\/page-capcalera.php","meta":{"_acf_changed":false,"footnotes":""},"class_list":["post-447","page","type-page","status-publish","has-post-thumbnail"],"acf":[],"_links":{"self":[{"href":"https:\/\/reivex.com\/es\/wp-json\/wp\/v2\/pages\/447","targetHints":{"allow":["GET"]}}],"collection":[{"href":"https:\/\/reivex.com\/es\/wp-json\/wp\/v2\/pages"}],"about":[{"href":"https:\/\/reivex.com\/es\/wp-json\/wp\/v2\/types\/page"}],"author":[{"embeddable":true,"href":"https:\/\/reivex.com\/es\/wp-json\/wp\/v2\/users\/1"}],"replies":[{"embeddable":true,"href":"https:\/\/reivex.com\/es\/wp-json\/wp\/v2\/comments?post=447"}],"version-history":[{"count":2,"href":"https:\/\/reivex.com\/es\/wp-json\/wp\/v2\/pages\/447\/revisions"}],"predecessor-version":[{"id":503,"href":"https:\/\/reivex.com\/es\/wp-json\/wp\/v2\/pages\/447\/revisions\/503"}],"up":[{"embeddable":true,"href":"https:\/\/reivex.com\/es\/wp-json\/wp\/v2\/pages\/551"}],"wp:featuredmedia":[{"embeddable":true,"href":"https:\/\/reivex.com\/es\/wp-json\/wp\/v2\/media\/66"}],"wp:attachment":[{"href":"https:\/\/reivex.com\/es\/wp-json\/wp\/v2\/media?parent=447"}],"curies":[{"name":"wp","href":"https:\/\/api.w.org\/{rel}","templated":true}]}}