{"id":451,"date":"2021-06-03T16:23:50","date_gmt":"2021-06-03T15:23:50","guid":{"rendered":"http:\/\/nova.reivex.com\/?page_id=451"},"modified":"2021-06-04T12:57:10","modified_gmt":"2021-06-04T11:57:10","slug":"materiales","status":"publish","type":"page","link":"https:\/\/reivex.com\/es\/servicios\/materiales\/","title":{"rendered":"Materiales"},"content":{"rendered":"\n<h2 class=\"wp-block-heading\">Inoxidable Soldadura TIG<\/h2>\n\n<p>La TIG es la t\u00e9cnica de soldadura m\u00e1s utilizada para el acero inoxidable de peque\u00f1os espesores. Aunque tiene un menor rendimiento que la MIG, no produce temperaturas tan altas del material y, de este modo, se evitan deformaciones.<\/p>\n\n<h2 class=\"wp-block-heading\">Inoxidable Premsat<\/h2>\n\n<p>Las tuber\u00edas de acero inoxidable pueden unirse mediante el sistema de prensado, conocido internacionalmente como Pressfitting. Para realizar la uni\u00f3n mediante prensado de las piezas de acero inoxidable son necesarios tres elementos: el tubo, las piezas de uni\u00f3n o accesorio y la m\u00e1quina de prensado.<\/p>\n\n<h2 class=\"wp-block-heading\">Fe Din 2440 y Din 2448<\/h2>\n\n<p>Son tubos de acero soldados, para conducciones con uniones soldadas o Victaulic seg\u00fan requerimiento del cliente.<\/p>\n\n<h2 class=\"wp-block-heading\">PVC<\/h2>\n\n<p>El cloruro de polivinilo (PVC) es una resina sint\u00e9tica obtenida mediante la polimerizaci\u00f3n del cloruro de vinilo. Se utiliza con uniones encoladas y permite flexibilidad y ligereza, pero no se recomienda su uso en todas las aplicaciones.<\/p>\n\n<h2 class=\"wp-block-heading\">PE Electrosoldable<\/h2>\n\n<p>El PE electrosoldable es un polietileno de alta densidad que puede estar soldado a tuber\u00edas de diferentes materiales. Se utiliza en instalaciones de gran tama\u00f1o, por la estabilidad de su material, y en tiradas largas de tuber\u00eda, debido a su rapidez de instalaci\u00f3n.<\/p>\n\n<h2 class=\"wp-block-heading\">PPR Termofusi\u00f3n<\/h2>\n\n<p>Las tuber\u00edas de polipropileno se caracterizan por su soldadura por termofusi\u00f3n en todas sus piezas y accesorios. Los tubos se funden con la pieza haci\u00e9ndose una sola con el accesorio. Esto se consigue aplicando calor a las dos piezas, utilizando el equipo de soldadura por termofusi\u00f3n. Cuando se alcanza la temperatura id\u00f3nea, ambas partes se fusionan quedando unidas en una sola.<\/p>\n\n<h2 class=\"wp-block-heading\">Cobre<\/h2>\n\n<p>El cobre es un metal blando, maleable y d\u00factil, de una alta conductividad t\u00e9rmica y el\u00e9ctrica.<\/p>\n\n<h2 class=\"wp-block-heading\">PVDF<\/h2>\n\n<p>El polifluoruro de vinilideno (PVDF) es un material que pertenece a la familia de los pol\u00edmeros fluorados. Se utiliza, generalmente, en aplicaciones que requieren alta resistencia a \u00e1cidos y bases a altas y bajas temperaturas. Tambi\u00e9n se utiliza por su resistencia al envejecimiento y a los rayos ultravioleta. Su baja temperatura de fusi\u00f3n ronda los 177 \u00b0 C, por eso es m\u00e1s f\u00e1cil de transformar.<\/p>\n\n<h2 class=\"wp-block-heading\">Acero Galvanizado<\/h2>\n\n<p>El galvanizado es la aplicaci\u00f3n de una capa de metal sobre otro electrol\u00edticamente. La aplicaci\u00f3n m\u00e1s habitual es la formaci\u00f3n de una capa delgada de zinc sobre piezas de acero, con el objetivo de protegerlas de la corrosi\u00f3n causada por el agua, el ox\u00edgeno y otros elementos.<\/p>\n","protected":false},"excerpt":{"rendered":"<p>Inoxidable Soldadura TIG La TIG es la t\u00e9cnica de soldadura m\u00e1s utilizada para el acero inoxidable de peque\u00f1os espesores. Aunque tiene un menor rendimiento que la MIG, no produce temperaturas tan altas del material y, de este modo, se evitan deformaciones. Inoxidable Premsat Las tuber\u00edas de acero inoxidable pueden unirse mediante el sistema de prensado, &#8230; <a title=\"Materiales\" class=\"read-more\" href=\"https:\/\/reivex.com\/es\/servicios\/materiales\/\" aria-label=\"Leer m\u00e1s sobre Materiales\">Leer m\u00e1s<\/a><\/p>\n","protected":false},"author":1,"featured_media":66,"parent":551,"menu_order":0,"comment_status":"closed","ping_status":"closed","template":"page-templates\/page-capcalera.php","meta":{"_acf_changed":false,"footnotes":""},"class_list":["post-451","page","type-page","status-publish","has-post-thumbnail"],"acf":[],"_links":{"self":[{"href":"https:\/\/reivex.com\/es\/wp-json\/wp\/v2\/pages\/451","targetHints":{"allow":["GET"]}}],"collection":[{"href":"https:\/\/reivex.com\/es\/wp-json\/wp\/v2\/pages"}],"about":[{"href":"https:\/\/reivex.com\/es\/wp-json\/wp\/v2\/types\/page"}],"author":[{"embeddable":true,"href":"https:\/\/reivex.com\/es\/wp-json\/wp\/v2\/users\/1"}],"replies":[{"embeddable":true,"href":"https:\/\/reivex.com\/es\/wp-json\/wp\/v2\/comments?post=451"}],"version-history":[{"count":5,"href":"https:\/\/reivex.com\/es\/wp-json\/wp\/v2\/pages\/451\/revisions"}],"predecessor-version":[{"id":509,"href":"https:\/\/reivex.com\/es\/wp-json\/wp\/v2\/pages\/451\/revisions\/509"}],"up":[{"embeddable":true,"href":"https:\/\/reivex.com\/es\/wp-json\/wp\/v2\/pages\/551"}],"wp:featuredmedia":[{"embeddable":true,"href":"https:\/\/reivex.com\/es\/wp-json\/wp\/v2\/media\/66"}],"wp:attachment":[{"href":"https:\/\/reivex.com\/es\/wp-json\/wp\/v2\/media?parent=451"}],"curies":[{"name":"wp","href":"https:\/\/api.w.org\/{rel}","templated":true}]}}