{"id":551,"date":"2021-06-10T22:57:15","date_gmt":"2021-06-10T21:57:15","guid":{"rendered":"http:\/\/nova.reivex.com\/?page_id=551"},"modified":"2021-06-10T23:03:37","modified_gmt":"2021-06-10T22:03:37","slug":"servicios","status":"publish","type":"page","link":"https:\/\/reivex.com\/es\/servicios\/","title":{"rendered":"Servicios"},"content":{"rendered":"\n<p>En Reivex contamos con una dilatada experiencia y casos de \u00e9xito, en el dise\u00f1o y puesta en marcha de Instalaciones industriales.<\/p>\n\n\n\n<p>Nuestros servicios se basan en la atenci\u00f3n personalizada para cada caso, incrementando la productividad de nuestros clientes y mejorando la calidad de sus productos y servicios.<\/p>\n\n\n\n<p>Los servicios que ofrecemos desde Reivex son:<\/p>\n\n\n\n<ul class=\"llista-bg wp-block-list\"><li><a href=\"http:\/\/reivex.com\/es\/servicios\/asesoramiento-de-instalaciones-y-equipos-de-aire-comprimido\/\">Asesoramiento de Instalaciones y Equipos de Aire Comprimido<\/a><\/li><li><a href=\"http:\/\/reivex.com\/es\/servicios\/legalizacion-y-tramites-de-aire-comprimido\/\">Legalizaci\u00f3n y Tr\u00e1mites de Aire Comprimido<\/a><\/li><li><a href=\"http:\/\/reivex.com\/es\/servicios\/instalaciones-de-tuberias\/\">Instalaciones de Tuber\u00edas<\/a><\/li><li><a href=\"http:\/\/reivex.com\/es\/servicios\/grupos-de-bombeo\/\">Grupos de Bombeo<\/a><\/li><li><a href=\"http:\/\/reivex.com\/es\/servicios\/bancadas-de-equipos-transportables\/\">Bancadas de Equipos Transportables<\/a><\/li><li><a href=\"http:\/\/reivex.com\/es\/servicios\/instal\u00b7lacions-electriques-complementaries\/\">Instalaciones El\u00e9ctricas Complementarias<\/a><\/li><li><a href=\"http:\/\/reivex.com\/es\/servicios\/sistema-de-soldadura-orbital-para-tuberias\/\">Sistema de Soldadura Orbital para Tuber\u00edas<\/a><\/li><\/ul>\n","protected":false},"excerpt":{"rendered":"<p>En Reivex contamos con una dilatada experiencia y casos de \u00e9xito, en el dise\u00f1o y puesta en marcha de Instalaciones industriales. Nuestros servicios se basan en la atenci\u00f3n personalizada para cada caso, incrementando la productividad de nuestros clientes y mejorando la calidad de sus productos y servicios. Los servicios que ofrecemos desde Reivex son: Asesoramiento &#8230; <a title=\"Servicios\" class=\"read-more\" href=\"https:\/\/reivex.com\/es\/servicios\/\" aria-label=\"Leer m\u00e1s sobre Servicios\">Leer m\u00e1s<\/a><\/p>\n","protected":false},"author":1,"featured_media":66,"parent":0,"menu_order":0,"comment_status":"closed","ping_status":"closed","template":"page-templates\/page-capcalera.php","meta":{"_acf_changed":false,"footnotes":""},"class_list":["post-551","page","type-page","status-publish","has-post-thumbnail"],"acf":[],"_links":{"self":[{"href":"https:\/\/reivex.com\/es\/wp-json\/wp\/v2\/pages\/551","targetHints":{"allow":["GET"]}}],"collection":[{"href":"https:\/\/reivex.com\/es\/wp-json\/wp\/v2\/pages"}],"about":[{"href":"https:\/\/reivex.com\/es\/wp-json\/wp\/v2\/types\/page"}],"author":[{"embeddable":true,"href":"https:\/\/reivex.com\/es\/wp-json\/wp\/v2\/users\/1"}],"replies":[{"embeddable":true,"href":"https:\/\/reivex.com\/es\/wp-json\/wp\/v2\/comments?post=551"}],"version-history":[{"count":5,"href":"https:\/\/reivex.com\/es\/wp-json\/wp\/v2\/pages\/551\/revisions"}],"predecessor-version":[{"id":584,"href":"https:\/\/reivex.com\/es\/wp-json\/wp\/v2\/pages\/551\/revisions\/584"}],"wp:featuredmedia":[{"embeddable":true,"href":"https:\/\/reivex.com\/es\/wp-json\/wp\/v2\/media\/66"}],"wp:attachment":[{"href":"https:\/\/reivex.com\/es\/wp-json\/wp\/v2\/media?parent=551"}],"curies":[{"name":"wp","href":"https:\/\/api.w.org\/{rel}","templated":true}]}}