{"id":681,"date":"2021-06-14T14:42:40","date_gmt":"2021-06-14T13:42:40","guid":{"rendered":"http:\/\/nova.reivex.com\/?page_id=681"},"modified":"2021-06-14T14:42:40","modified_gmt":"2021-06-14T13:42:40","slug":"aviso-legal","status":"publish","type":"page","link":"https:\/\/reivex.com\/es\/aviso-legal\/","title":{"rendered":"Aviso legal"},"content":{"rendered":"\n<p>El presente Aviso Legal regula el acceso por parte del USUARIO del Sitio Web a los contenidos proporcionados por INSTAL\u00b7LACIONS INDUSTRIALS REIVEX S.C.C.L. (en adelante REIVEX). La simple utilizaci\u00f3n de la informaci\u00f3n contenida en este Sitio Web implica la total aceptaci\u00f3n del Aviso Legal, por lo que aconsejamos que acceda peri\u00f3dicamente, debido a su constante actualizaci\u00f3n.<\/p>\n\n\n\n<p><strong>INFORMACI\u00d3N GENERAL:<\/strong><\/p>\n\n\n\n<p>En cumplimiento de lo dispuesto en el art\u00edculo 10 de la Ley 34\/2002, de 11 de Julio, de Servicios de la Sociedad de la Informaci\u00f3n y Comercio Electr\u00f3nico (en adelante LSSICE), ponemos en su conocimiento que el titular del dominio &lt;reivex.com> es INSTAL\u00b7LACIONS INDUSTRIALS REIVEX S.C.C.L. (CIF \u00a0F66264805), con domicilio social en Rosello, 105 \u00b7 08303 Matar\u00f3 \u00b7 Barcelona Contacto: <a rel=\"noreferrer noopener\" href=\"mailto:administracion@reivex.com\" target=\"_blank\">administracion@reivex.com<\/a><\/p>\n\n\n\n<p><strong>PROPIEDAD INTELECTUAL E INDUSTRIAL:<\/strong><\/p>\n\n\n\n<p>Los contenidos de &lt;reivex.com>, tanto textos, im\u00e1genes, dise\u00f1o gr\u00e1fico, c\u00f3digo fuente, logos, marcas, etc., son titularidad exclusiva de REIVEX y est\u00e1n amparados por la normativa reguladora de la Propiedad Intelectual e Industrial, quedando por tanto prohibida la reproducci\u00f3n, modificaci\u00f3n, distribuci\u00f3n o manipulaci\u00f3n de los mismos.<\/p>\n\n\n\n<p>REIVEX es titular exclusivo de todos los derechos de propiedad intelectual, industrial y an\u00e1logos que componen Sitio Web &lt;reivex.com>. Asimismo, quedan reservados en favor de REIVEX, todos los derechos sobre cualesquiera contenidos, servicios o elementos de su propiedad que se incorporaran en &lt;reivex.com>, incluyendo, a t\u00edtulo meramente enunciativo y no limitativo, aquellos elementos que conforman la apariencia visual, imagen gr\u00e1fica y otros est\u00edmulos sensoriales de las p\u00e1ginas web que conforman el Sitio Web; entre otros, la arquitectura de navegaci\u00f3n; los c\u00f3digos fuente; im\u00e1genes, grabaciones, programas de ordenador, base de datos, tecnolog\u00eda, logotipos y signos distintivos.<\/p>\n\n\n\n<p>Usted se compromete a no retirar, suprimir, alterar, manipular ni en modo alguno modificar aquellas notas, leyendas, indicaciones o s\u00edmbolos que bien REIVEX o bien los leg\u00edtimos titulares de los derechos incorporen a sus propiedades en materia de propiedad intelectual o industrial (como por ejemplo, copyright, \u00a9, \u00ae y \u2122, etc.), los dispositivos t\u00e9cnicos de protecci\u00f3n o identificaci\u00f3n que puedan contener los contenidos (como por ejemplo, marcas de agua, huellas digitales, etc.) y\/o el acceso, visualizaci\u00f3n y, en su caso, descarga de los contenidos y\/o servicios se realizar\u00e1 siempre y en todo caso con fines estrictamente personales y no comerciales.<\/p>\n\n\n\n<p>REIVEX se reserva todos los derechos relacionados con la propiedad intelectual e industrial sobre los elementos de su Sitio Web &lt;reivex.com>, y no le concede ninguna otra licencia o autorizaci\u00f3n de uso sobre su Propiedad distinta de la que expresamente se detalla en la presente cl\u00e1usula.<\/p>\n\n\n\n<p><strong>RESERVA DE DERECHOS:<\/strong><\/p>\n\n\n\n<p>REIVEX se reserva el derecho de actualizar, modificar o eliminar informaci\u00f3n contenida en &lt;reivex.com>, as\u00ed como su configuraci\u00f3n, prestaciones o condiciones generales, en cualquier momento y sin necesidad de previo aviso.<\/p>\n\n\n\n<p>REIVEX no garantiza la inexistencia de interrupciones o errores en el acceso y\/o uso de &lt;reivex.com>, ni asumir\u00e1 responsabilidad alguna por problemas t\u00e9cnicos o fallos que se produzcan durante la conexi\u00f3n a Internet. Tampoco garantiza la ausencia de virus ni de otros elementos que puedan producir alteraciones en su sistema inform\u00e1tico (software y hardware) o en los documentos electr\u00f3nicos y ficheros almacenados en su sistema inform\u00e1tico, por lo que excluye cualquier responsabilidad por los da\u00f1os y perjuicios que puedan producirse en el sistema inform\u00e1tico, documentos electr\u00f3nicos o ficheros de los usuarios.<\/p>\n\n\n\n<p><strong>LIMITACI\u00d3N DE RESPONSABILIDADES.<\/strong><\/p>\n\n\n\n<p>Sobre la informaci\u00f3n: REIVEX no se hace responsable de la veracidad, exactitud, adecuaci\u00f3n, idoneidad, y actualizaci\u00f3n de la informaci\u00f3n suministrada a trav\u00e9s del Sitio Web &lt;reivex.com>. Los contenidos son de car\u00e1cter informativo, por lo que REIVEX no se responsabiliza de sus decisiones tomadas a partir de los mismos, ni de los da\u00f1os y perjuicios que se le produzcan a usted o a terceros con base en la informaci\u00f3n obtenida en este Sitio Web.<\/p>\n\n\n\n<p>De la calidad del servicio: Usted admite conocer y ser consciente de la existencia en la red de virus, gusanos y otros elementos maliciosos. A usted le corresponde la disponibilidad de herramientas adecuadas para la detecci\u00f3n y desinfecci\u00f3n de estos programas inform\u00e1ticos da\u00f1inos, sin que REIVEX sea responsable de los da\u00f1os producidos en sus equipos inform\u00e1ticos o de terceros durante su acceso a &lt;reivex.com>.<\/p>\n\n\n\n<p>De la disponibilidad del servicio: El acceso a &lt;reivex.com> requiere de servicios y suministros por parte de otros prestadores de servicios de la sociedad de la informaci\u00f3n, cuya fiabilidad, calidad, continuidad y funcionamiento escapa al control de REIVEX. Por consiguiente, los servicios prove\u00eddos pueden ser suspendidos, cancelados o resultar inaccesibles en cualquier momento. REIVEX no se responsabiliza de los da\u00f1os o perjuicios de cualquier tipo producidos que traigan causa de fallos o desconexiones en las redes de telecomunicaciones que produzcan la suspensi\u00f3n, cancelaci\u00f3n o interrupci\u00f3n del servicio del Portal durante la prestaci\u00f3n del mismo o con car\u00e1cter previo.<\/p>\n\n\n\n<p>De los contenidos accedidos en o a trav\u00e9s del portal: El presente Sitio Web permite el acceso a enlaces y otros sitios web (en adelante, \u201cSitios Enlazados\u201d). En estos casos, REIVEX act\u00faa como prestador de servicios de intermediaci\u00f3n de conformidad con lo que dispone la LSSICE, por lo que s\u00f3lo ser\u00e1 responsable de los contenidos y servicios suministrados en los Sitios Enlazados en la medida en que tenga conocimiento efectivo de la ilicitud y no haya actuado con la diligencia debida para retirar dichos contenidos. Si considera que uno de los Sitios Enlazados incluye contenidos il\u00edcitos o inadecuados podr\u00e1 comunic\u00e1rselo a REIVEX, quien actuar\u00e1 con toda diligencia para retirar los enlaces que sea conveniente. REIVEX, tampoco se hace responsable de los contenidos y servicios ofrecidos en los Sitios Enlazados, por lo que no responde de los da\u00f1os producidos por su ilicitud, calidad, desactualizaci\u00f3n, indisponibilidad, error o inutilidad.<\/p>\n\n\n\n<p><strong>LICENCIA DE ENLACES:<\/strong><\/p>\n\n\n\n<p>Todo enlace de terceros a &lt;reivex.com> deber\u00e1 serlo a su p\u00e1gina principal o de entrada. Usted y, en general, aquellas personas que se propongan establecer un enlace deber\u00e1n cumplir las condiciones siguientes que a continuaci\u00f3n se detallan. Cualquier otra pretensi\u00f3n<\/p>\n","protected":false},"excerpt":{"rendered":"<p>El presente Aviso Legal regula el acceso por parte del USUARIO del Sitio Web a los contenidos proporcionados por INSTAL\u00b7LACIONS INDUSTRIALS REIVEX S.C.C.L. (en adelante REIVEX). La simple utilizaci\u00f3n de la informaci\u00f3n contenida en este Sitio Web implica la total aceptaci\u00f3n del Aviso Legal, por lo que aconsejamos que acceda peri\u00f3dicamente, debido a su constante &#8230; <a title=\"Aviso legal\" class=\"read-more\" href=\"https:\/\/reivex.com\/es\/aviso-legal\/\" aria-label=\"Leer m\u00e1s sobre Aviso legal\">Leer m\u00e1s<\/a><\/p>\n","protected":false},"author":1,"featured_media":0,"parent":0,"menu_order":0,"comment_status":"closed","ping_status":"closed","template":"","meta":{"_acf_changed":false,"footnotes":""},"class_list":["post-681","page","type-page","status-publish"],"acf":[],"_links":{"self":[{"href":"https:\/\/reivex.com\/es\/wp-json\/wp\/v2\/pages\/681","targetHints":{"allow":["GET"]}}],"collection":[{"href":"https:\/\/reivex.com\/es\/wp-json\/wp\/v2\/pages"}],"about":[{"href":"https:\/\/reivex.com\/es\/wp-json\/wp\/v2\/types\/page"}],"author":[{"embeddable":true,"href":"https:\/\/reivex.com\/es\/wp-json\/wp\/v2\/users\/1"}],"replies":[{"embeddable":true,"href":"https:\/\/reivex.com\/es\/wp-json\/wp\/v2\/comments?post=681"}],"version-history":[{"count":1,"href":"https:\/\/reivex.com\/es\/wp-json\/wp\/v2\/pages\/681\/revisions"}],"predecessor-version":[{"id":682,"href":"https:\/\/reivex.com\/es\/wp-json\/wp\/v2\/pages\/681\/revisions\/682"}],"wp:attachment":[{"href":"https:\/\/reivex.com\/es\/wp-json\/wp\/v2\/media?parent=681"}],"curies":[{"name":"wp","href":"https:\/\/api.w.org\/{rel}","templated":true}]}}